{"id":289,"date":"2021-02-25T14:11:17","date_gmt":"2021-02-25T14:11:17","guid":{"rendered":"https:\/\/test.tw.grupori.com\/?page_id=289"},"modified":"2021-02-25T14:17:15","modified_gmt":"2021-02-25T14:17:15","slug":"autorizacion-tratamiento-de-datos-personales","status":"publish","type":"page","link":"https:\/\/trainingwtf.com\/index.php\/autorizacion-tratamiento-de-datos-personales\/","title":{"rendered":"AUTORIZACI\u00d3N TRATAMIENTO DE DATOS PERSONALES"},"content":{"rendered":"<p>Los datos personales aqu\u00ed recolectados ser\u00e1n recolectados, almacenados, procesados, usados, compilados, transmitidos, transferidos, actualizados y dispuestos conforme lo establece la Ley 1581 de 2012, el Decreto 1377 de 2013, compilado en el cap\u00edtulo 25 del Decreto 1074 de 2015 (\u00danico Reglamentario del Sector Comercio, industria y Turismo).<br \/>\nLa sociedad INSTITUTO RI LTDA. como responsable del tratamiento de los datos personales aqu\u00ed consignados, en cumplimiento de la Ley 1581 de 2012 y del Decreto 1377 de 2013, informa al titular de los datos personales que le asisten los siguientes derechos: acceder a sus datos personales; conocer, actualizar y rectificar sus datos personales; solicitar prueba de la autorizaci\u00f3n otorgada; revocar la autorizaci\u00f3n y\/o solicitar la supresi\u00f3n del dato y en general todos los derechos consignados en el art\u00edculo 8 de la Ley 1581 de 2012.<br \/>\nMe ha sido informado (a) la finalidad de la recolecci\u00f3n de los datos personales, la cual consiste en: validar la informaci\u00f3n suministrada, tratamiento y protecci\u00f3n de mis datos. El INSTITUTO RI LTDA. garantizara\u0301 la confidencialidad, libertad, seguridad, veracidad, transparencia, acceso y circulaci\u00f3n restringida de mis datos y se reservara\u0301 el derecho de modificar su Pol\u00edtica de Tratamiento de Datos Personales en cualquier momento. Cualquier cambio ser\u00e1\u0301 informado y publicado oportunamente en la p\u00e1gina web del INSTITUTO RI LTDA.<br \/>\nEstos derechos derivados de la protecci\u00f3n de datos los puedo ejercer a trav\u00e9s de los canales dispuestos por el INSTITUTO RI LTDA seg\u00fan lo establecido para ello por la Pol\u00edtica de Tratamiento de datos personales disponibles en la p\u00e1gina web https:\/\/grupori.com\/ a la direcci\u00f3n: Calle 85 #24-39, en la ciudad de Bogot\u00e1, Tel\u00e9fono: +57 6358147\/ 316 5254814. Obrando en nombre propio, actuando libre y voluntariamente, autorizo de manera expresa e irrevocable al INSTITUTO RI LTDA. o a quienes representen sus derechos almacenar y hacer uso de sus datos personales con la finalidad de cumplir con su objetivo social de conformidad con la Ley y as\u00ed adelantar los distintos procesos internos tales como, actividades acad\u00e9micas, capacitaciones, promoci\u00f3n, proceso de certificaci\u00f3n, presentaci\u00f3n de servicios, facturaci\u00f3n y cartera, entre otros.<br \/>\nCon la presente aceptaci\u00f3n se entiende que AUTORIZO la inclusi\u00f3n de mis datos personales a las bases de datos del INSTITUTO RI LTDA, con el fin de ser utilizados para cumplir los objetivos antes descritos.<\/p>\n<hr \/>\n<p>Para INSTITUTO RI LTDA. es muy importante la protecci\u00f3n y el manejo de los Datos Personales, Sensibles, Comerciales, de nuestros clientes, es por eso por lo que, hemos dise\u00f1ado pol\u00edticas y procedimientos que se encuentran publicados en nuestro sitio web, para su consulta de acuerdo con el marco normativo establecido en la Ley 1581 de 2012, que junto con la presente autorizaci\u00f3n nos permiten hacer uso responsable de sus datos conforme a la ley. Lo invitamos a leer cuidadosamente el siguiente texto mediante el cual usted autoriza el tratamiento de sus datos.<br \/>\n(a) Toda la informaci\u00f3n se recoge con fines estrictamente de inter\u00e9s p\u00fablico ante la situaci\u00f3n decretada por las Autoridades P\u00fablicas, para proteger y salvaguardar un inter\u00e9s esencial para la vida de las personas, en consecuencia, autorizo a INSTITUTO RI LTDA , para el manejo de la informaci\u00f3n aportada en esta encuesta para desarrollar acciones de promoci\u00f3n y prevenci\u00f3n frente al riesgo de contagio por COVID-19 acorde con lo normado por el Ministerio de Salud y las dem\u00e1s autoridades competentes. (b) De conformidad con lo establecido en la Ley 1581 de 2012 de protecci\u00f3n de datos personales y sensibles, se podr\u00e1 suministrar informaci\u00f3n a las entidades p\u00fablicas o administrativas que en el ejercicio de sus funciones legales as\u00ed lo requieran, o a las personas establecidas en el art\u00edculo 13 de la ley. (c) Los datos proporcionados por el usuario deben ser veraces, completos, exactos, actualizados, comprobables y comprensibles y en consecuencia el usuario asume toda la responsabilidad sobre la falta de veracidad o exactitud de \u00e9stos. (d) Dato Sensible: estado de salud, valoraci\u00f3n preanest\u00e9sica, ex\u00e1menes m\u00e9dicos, historia cl\u00ednica, patolog\u00edas reconocidas, antecedentes m\u00e9dicos, datos biom\u00e9tricos, relativos a la vida sexual, religi\u00f3n, pol\u00edtica, y ser\u00e1 tratada de acuerdo con la Ley y el usuario no est\u00e1 obligado a entregar esta informaci\u00f3n. (e) La Autoevaluaci\u00f3n es una gu\u00eda de identificaci\u00f3n de s\u00edntomas y signos de alarma que puedan estar relacionados con el coronavirus COVID-19, pero en ning\u00fan caso reemplaza la atenci\u00f3n m\u00e9dica ni las pruebas diagn\u00f3sticas realizadas por el personal m\u00e9dico autorizado. (f) Con el fin de realizar un an\u00e1lisis epidemiol\u00f3gico por zonas geogr\u00e1ficas se capturar\u00e1n los datos de ubicaci\u00f3n (latitud y longitud).<br \/>\nManifiesto que la presente autorizaci\u00f3n me fue solicitada y puesta de presente antes de entregar mis datos y que la suscribo de forma libre y voluntaria una vez le\u00edda en su totalidad. As\u00ed mismo, manifiesto que acepto participar en la recolecci\u00f3n de para la obtenci\u00f3n de datos referente a mi condici\u00f3n de salud y s\u00edntomas asociados al COVID 19, por lo cual manifiesto igualmente que mi participaci\u00f3n es absolutamente voluntaria, declaro que he le\u00eddo y recibido informaci\u00f3n acerca de la encuesta a aplicar de manera pormenorizada.<br \/>\nDECLARO QUE HE SIDO INFORMADO SOBRE LOS DERECHOS QUE ME ASISTEN COMO TITULAR O REPRESENTANTE LEGAL: actualizar, conocer, rectificar, revocar, acceder, solicitar prueba de la autorizaci\u00f3n otorgada, realizar consultas gratuitas de mis Datos Personales y Datos Sensibles, y los dem\u00e1s derechos consagrados en la Pol\u00edtica de tratamiento de datos personales de INSTITUTO RI LTDA a la direcci\u00f3n: Calle 85 #24-39, en la ciudad de Bogot\u00e1, Tel\u00e9fono: +57 6358147\/ 316 5254814.<\/p>\n","protected":false},"excerpt":{"rendered":"<p>Los datos personales aqu\u00ed recolectados ser\u00e1n recolectados, almacenados, procesados, usados, compilados, transmitidos, transferidos, actualizados y dispuestos conforme lo establece la Ley 1581 de 2012, el Decreto 1377 de 2013, compilado en el cap\u00edtulo 25 del Decreto 1074 de 2015 (\u00danico Reglamentario del Sector Comercio, industria y Turismo). La sociedad INSTITUTO RI LTDA. como responsable del [&hellip;]<\/p>\n","protected":false},"author":1,"featured_media":0,"parent":0,"menu_order":0,"comment_status":"closed","ping_status":"closed","template":"","meta":{"site-sidebar-layout":"no-sidebar","site-content-layout":"default","ast-site-content-layout":"","site-content-style":"default","site-sidebar-style":"default","ast-global-header-display":"","ast-banner-title-visibility":"","ast-main-header-display":"","ast-hfb-above-header-display":"","ast-hfb-below-header-display":"","ast-hfb-mobile-header-display":"","site-post-title":"","ast-breadcrumbs-content":"","ast-featured-img":"","footer-sml-layout":"","theme-transparent-header-meta":"default","adv-header-id-meta":"","stick-header-meta":"","header-above-stick-meta":"","header-main-stick-meta":"","header-below-stick-meta":"","astra-migrate-meta-layouts":"default","ast-page-background-enabled":"default","ast-page-background-meta":{"desktop":{"background-color":"","background-image":"","background-repeat":"repeat","background-position":"center center","background-size":"auto","background-attachment":"scroll","background-type":"","background-media":"","overlay-type":"","overlay-color":"","overlay-opacity":"","overlay-gradient":""},"tablet":{"background-color":"","background-image":"","background-repeat":"repeat","background-position":"center center","background-size":"auto","background-attachment":"scroll","background-type":"","background-media":"","overlay-type":"","overlay-color":"","overlay-opacity":"","overlay-gradient":""},"mobile":{"background-color":"","background-image":"","background-repeat":"repeat","background-position":"center center","background-size":"auto","background-attachment":"scroll","background-type":"","background-media":"","overlay-type":"","overlay-color":"","overlay-opacity":"","overlay-gradient":""}},"ast-content-background-meta":{"desktop":{"background-color":"var(--ast-global-color-5)","background-image":"","background-repeat":"repeat","background-position":"center center","background-size":"auto","background-attachment":"scroll","background-type":"","background-media":"","overlay-type":"","overlay-color":"","overlay-opacity":"","overlay-gradient":""},"tablet":{"background-color":"var(--ast-global-color-5)","background-image":"","background-repeat":"repeat","background-position":"center center","background-size":"auto","background-attachment":"scroll","background-type":"","background-media":"","overlay-type":"","overlay-color":"","overlay-opacity":"","overlay-gradient":""},"mobile":{"background-color":"var(--ast-global-color-5)","background-image":"","background-repeat":"repeat","background-position":"center center","background-size":"auto","background-attachment":"scroll","background-type":"","background-media":"","overlay-type":"","overlay-color":"","overlay-opacity":"","overlay-gradient":""}},"footnotes":""},"class_list":["post-289","page","type-page","status-publish","hentry"],"_links":{"self":[{"href":"https:\/\/trainingwtf.com\/index.php\/wp-json\/wp\/v2\/pages\/289","targetHints":{"allow":["GET"]}}],"collection":[{"href":"https:\/\/trainingwtf.com\/index.php\/wp-json\/wp\/v2\/pages"}],"about":[{"href":"https:\/\/trainingwtf.com\/index.php\/wp-json\/wp\/v2\/types\/page"}],"author":[{"embeddable":true,"href":"https:\/\/trainingwtf.com\/index.php\/wp-json\/wp\/v2\/users\/1"}],"replies":[{"embeddable":true,"href":"https:\/\/trainingwtf.com\/index.php\/wp-json\/wp\/v2\/comments?post=289"}],"version-history":[{"count":1,"href":"https:\/\/trainingwtf.com\/index.php\/wp-json\/wp\/v2\/pages\/289\/revisions"}],"predecessor-version":[{"id":290,"href":"https:\/\/trainingwtf.com\/index.php\/wp-json\/wp\/v2\/pages\/289\/revisions\/290"}],"wp:attachment":[{"href":"https:\/\/trainingwtf.com\/index.php\/wp-json\/wp\/v2\/media?parent=289"}],"curies":[{"name":"wp","href":"https:\/\/api.w.org\/{rel}","templated":true}]}}