{"id":2292,"date":"2024-02-29T17:23:15","date_gmt":"2024-02-29T17:23:15","guid":{"rendered":"https:\/\/test.tw.grupori.com\/?page_id=2292"},"modified":"2025-04-25T13:01:12","modified_gmt":"2025-04-25T13:01:12","slug":"metodo_5s","status":"publish","type":"page","link":"https:\/\/trainingwtf.com\/index.php\/metodo_5s\/","title":{"rendered":"Metodolog\u00eda 5S"},"content":{"rendered":"\t\t<div data-elementor-type=\"wp-page\" data-elementor-id=\"2292\" class=\"elementor elementor-2292\" data-elementor-settings=\"{&quot;ha_cmc_init_switcher&quot;:&quot;no&quot;}\">\n\t\t\t\t\t\t<section class=\"elementor-section elementor-top-section elementor-element elementor-element-2fee2b5e elementor-section-boxed elementor-section-height-default elementor-section-height-default\" data-id=\"2fee2b5e\" data-element_type=\"section\" data-settings=\"{&quot;background_background&quot;:&quot;classic&quot;,&quot;_ha_eqh_enable&quot;:false}\">\n\t\t\t\t\t\t<div class=\"elementor-container elementor-column-gap-default\">\n\t\t\t\t\t<div class=\"elementor-column elementor-col-50 elementor-top-column elementor-element elementor-element-62ea3f31\" data-id=\"62ea3f31\" data-element_type=\"column\" data-settings=\"{&quot;background_background&quot;:&quot;classic&quot;}\">\n\t\t\t<div class=\"elementor-widget-wrap elementor-element-populated\">\n\t\t\t\t\t\t<div class=\"elementor-element elementor-element-44431a5e elementor-widget elementor-widget-heading\" data-id=\"44431a5e\" data-element_type=\"widget\" data-widget_type=\"heading.default\">\n\t\t\t\t<div class=\"elementor-widget-container\">\n\t\t\t\t\t<h2 class=\"elementor-heading-title elementor-size-default\">Galer\u00eda <\/h2>\t\t\t\t<\/div>\n\t\t\t\t<\/div>\n\t\t\t\t<div class=\"elementor-element elementor-element-8faa9de elementor-widget elementor-widget-heading\" data-id=\"8faa9de\" data-element_type=\"widget\" data-widget_type=\"heading.default\">\n\t\t\t\t<div class=\"elementor-widget-container\">\n\t\t\t\t\t<h2 class=\"elementor-heading-title elementor-size-default\">Videos Metodolog\u00eda 5S<\/h2>\t\t\t\t<\/div>\n\t\t\t\t<\/div>\n\t\t\t\t<div class=\"elementor-element elementor-element-a1cd2c6 elementor-widget elementor-widget-button\" data-id=\"a1cd2c6\" data-element_type=\"widget\" data-widget_type=\"button.default\">\n\t\t\t\t<div class=\"elementor-widget-container\">\n\t\t\t\t\t\t\t\t\t<div class=\"elementor-button-wrapper\">\n\t\t\t\t\t<a class=\"elementor-button elementor-button-link elementor-size-sm\" href=\"#section-con\">\n\t\t\t\t\t\t<span class=\"elementor-button-content-wrapper\">\n\t\t\t\t\t\t<span class=\"elementor-button-icon\">\n\t\t\t\t<i aria-hidden=\"true\" class=\"far fa-hand-point-down\"><\/i>\t\t\t<\/span>\n\t\t\t\t\t\t\t\t\t<span class=\"elementor-button-text\">Ver videos<\/span>\n\t\t\t\t\t<\/span>\n\t\t\t\t\t<\/a>\n\t\t\t\t<\/div>\n\t\t\t\t\t\t\t\t<\/div>\n\t\t\t\t<\/div>\n\t\t\t\t<div class=\"elementor-element elementor-element-41146cd elementor-widget elementor-widget-spacer\" data-id=\"41146cd\" data-element_type=\"widget\" data-widget_type=\"spacer.default\">\n\t\t\t\t<div class=\"elementor-widget-container\">\n\t\t\t\t\t\t\t<div class=\"elementor-spacer\">\n\t\t\t<div class=\"elementor-spacer-inner\"><\/div>\n\t\t<\/div>\n\t\t\t\t\t\t<\/div>\n\t\t\t\t<\/div>\n\t\t\t\t\t<\/div>\n\t\t<\/div>\n\t\t\t\t<div class=\"elementor-column elementor-col-50 elementor-top-column elementor-element elementor-element-28fa5edd\" data-id=\"28fa5edd\" data-element_type=\"column\" data-settings=\"{&quot;background_background&quot;:&quot;classic&quot;}\">\n\t\t\t<div class=\"elementor-widget-wrap\">\n\t\t\t\t\t\t\t<\/div>\n\t\t<\/div>\n\t\t\t\t\t<\/div>\n\t\t<\/section>\n\t\t\t\t<section class=\"elementor-section elementor-top-section elementor-element elementor-element-48a45ea elementor-section-boxed elementor-section-height-default elementor-section-height-default\" data-id=\"48a45ea\" data-element_type=\"section\" data-settings=\"{&quot;_ha_eqh_enable&quot;:false}\">\n\t\t\t\t\t\t<div class=\"elementor-container elementor-column-gap-default\">\n\t\t\t\t\t<div class=\"elementor-column elementor-col-100 elementor-top-column elementor-element elementor-element-fbea576\" data-id=\"fbea576\" data-element_type=\"column\">\n\t\t\t<div class=\"elementor-widget-wrap elementor-element-populated\">\n\t\t\t\t\t\t<div class=\"elementor-element elementor-element-762a65c elementor-widget elementor-widget-heading\" data-id=\"762a65c\" data-element_type=\"widget\" data-widget_type=\"heading.default\">\n\t\t\t\t<div class=\"elementor-widget-container\">\n\t\t\t\t\t<h2 class=\"elementor-heading-title elementor-size-default\">Galer\u00eda de Videos:<\/h2>\t\t\t\t<\/div>\n\t\t\t\t<\/div>\n\t\t\t\t\t<\/div>\n\t\t<\/div>\n\t\t\t\t\t<\/div>\n\t\t<\/section>\n\t\t\t\t<section class=\"elementor-section elementor-top-section elementor-element elementor-element-278dc9b elementor-section-boxed elementor-section-height-default elementor-section-height-default\" data-id=\"278dc9b\" data-element_type=\"section\" id=\"section-con\" data-settings=\"{&quot;_ha_eqh_enable&quot;:false}\">\n\t\t\t\t\t\t<div class=\"elementor-container elementor-column-gap-default\">\n\t\t\t\t\t<div class=\"elementor-column elementor-col-100 elementor-top-column elementor-element elementor-element-15ec50b\" data-id=\"15ec50b\" data-element_type=\"column\">\n\t\t\t<div class=\"elementor-widget-wrap elementor-element-populated\">\n\t\t\t\t\t\t<div class=\"elementor-element elementor-element-7455fb6 elementor-widget elementor-widget-shortcode\" data-id=\"7455fb6\" data-element_type=\"widget\" data-widget_type=\"shortcode.default\">\n\t\t\t\t<div class=\"elementor-widget-container\">\n\t\t\t\t\t\t\t<div class=\"elementor-shortcode\"><div class=\"gallery-precon gp1\" style=\"width:100%;height:auto;\"><div class=\"videogallery-con\" style=\"width:100%;\"> <div class=\"dzsvg-preloader loader-container ball-pulse\"> <div class=\"loader\"> <div class=\"line-1\"><\/div> <div class=\"line-2\"><\/div> <div class=\"line-3\"><\/div> <div class=\"line-4\"><\/div> <div class=\"line-5\"><\/div> <\/div> <\/div><div class=\"vg1 transition-fade dzsvg-videogallery videogallery videogallery-1 auto-init id_5s skin-default navigation-skin--skin-default\"  id=\"5s\"  data-dzsvg-gallery-id=\"5s\"  data-options='{\"settings_menu_overlay\":\"on\",\"menuitem_width\":\"275\",\"menuitem_height\":\"100\",\"menuitem_space\":\"\",\"settings_mode\":\"wall\",\"nav_type_outer_grid\":\"dzs-layout--3-cols\",\"transition_type\":\"fade\",\"design_skin\":\"skin-default\",\"design_navigationUseEasing\":\"on\",\"extra_class_slider_con\":\"dzs-layout--3-cols\",\"videoplayersettings\":\"skinauroradefault\"}'    style=\"background-color:;  height:auto; \"><div class=\"items\"><div   class=\"vp1 vplayer-tobe  show-muted-btn\" data-player-id=\"2285\" data-videoTitle=\"Metodolog&iacute;a 5S- Introducci&oacute;n\" data-sourcevp=\"https:\/\/grupori.com\/videos_training\/inducciones\/5s\/2013_intro.mp4\"><div class=\"dzsvg-feed dzsvg-feed--extra-html-before-right-controls\"><div class=\"dzsvg-player-button quality-selector show-only-when-multiple-qualities\">{{svg_quality_icon}}<div class=\"dzsvg-tooltip\">{{quality-options}}<\/div><\/div><\/div><div class=\"extra-controls\"><\/div><div class=\"videoDescription feed-dzsvg description-from-parse_items\">2013 - Metodolog\u00eda 5S<\/div><div class=\"menuDescription from-parse-items\"><div data-imgsrc=\"https:\/\/trainingwtf.com\/wp-content\/uploads\/2024\/02\/2024-02-29_12h15_18.png\"   class=\"divimage imgblock\"><\/div><div class=\"dzs-navigation--item--title-and-meta\"><div class=\"the-title from-parse-items\">Metodolog\u00eda 5S- Introducci\u00f3n<\/div><div class=\"paragraph from-menu-desc-parse-items\">2013 - Metodolog\u00eda 5S<\/div><\/div><!-- end .title-and-meta --><\/div><\/div><div   class=\"vp2 vplayer-tobe  show-muted-btn\" data-player-id=\"2286\" data-videoTitle=\"Metodolog&iacute;a 5S - 1S separar\" data-sourcevp=\"https:\/\/grupori.com\/videos_training\/inducciones\/5s\/2013_1.mp4\"><div class=\"dzsvg-feed dzsvg-feed--extra-html-before-right-controls\"><div class=\"dzsvg-player-button quality-selector show-only-when-multiple-qualities\">{{svg_quality_icon}}<div class=\"dzsvg-tooltip\">{{quality-options}}<\/div><\/div><\/div><div class=\"extra-controls\"><\/div><div class=\"videoDescription feed-dzsvg description-from-parse_items\">2013 - Metodolog\u00eda 5S<\/div><div class=\"menuDescription from-parse-items\"><div data-imgsrc=\"https:\/\/trainingwtf.com\/wp-content\/uploads\/2024\/02\/2024-02-29_12h15_18.png\"   class=\"divimage imgblock\"><\/div><div class=\"dzs-navigation--item--title-and-meta\"><div class=\"the-title from-parse-items\">Metodolog\u00eda 5S - 1S separar<\/div><div class=\"paragraph from-menu-desc-parse-items\">2013 - Metodolog\u00eda 5S<\/div><\/div><!-- end .title-and-meta --><\/div><\/div><div   class=\"vp3 vplayer-tobe  show-muted-btn\" data-player-id=\"2287\" data-videoTitle=\"Metodolog&iacute;a 5S - 2S Ordenar\" data-sourcevp=\"https:\/\/grupori.com\/videos_training\/inducciones\/5s\/2013_2.mp4\"><div class=\"dzsvg-feed dzsvg-feed--extra-html-before-right-controls\"><div class=\"dzsvg-player-button quality-selector show-only-when-multiple-qualities\">{{svg_quality_icon}}<div class=\"dzsvg-tooltip\">{{quality-options}}<\/div><\/div><\/div><div class=\"extra-controls\"><\/div><div class=\"videoDescription feed-dzsvg description-from-parse_items\">2013 - Metodolog\u00eda 5S<\/div><div class=\"menuDescription from-parse-items\"><div data-imgsrc=\"https:\/\/trainingwtf.com\/wp-content\/uploads\/2024\/02\/2024-02-29_12h15_18.png\"   class=\"divimage imgblock\"><\/div><div class=\"dzs-navigation--item--title-and-meta\"><div class=\"the-title from-parse-items\">Metodolog\u00eda 5S - 2S Ordenar<\/div><div class=\"paragraph from-menu-desc-parse-items\">2013 - Metodolog\u00eda 5S<\/div><\/div><!-- end .title-and-meta --><\/div><\/div><div   class=\"vp4 vplayer-tobe  show-muted-btn\" data-player-id=\"2288\" data-videoTitle=\"Metodolog&iacute;a 5S - 3S Embellecer\" data-sourcevp=\"https:\/\/grupori.com\/videos_training\/inducciones\/5s\/2013_3.mp4\"><div class=\"dzsvg-feed dzsvg-feed--extra-html-before-right-controls\"><div class=\"dzsvg-player-button quality-selector show-only-when-multiple-qualities\">{{svg_quality_icon}}<div class=\"dzsvg-tooltip\">{{quality-options}}<\/div><\/div><\/div><div class=\"extra-controls\"><\/div><div class=\"videoDescription feed-dzsvg description-from-parse_items\">2013 - Metodolog\u00eda 5S<\/div><div class=\"menuDescription from-parse-items\"><div data-imgsrc=\"https:\/\/trainingwtf.com\/wp-content\/uploads\/2024\/02\/2024-02-29_12h15_18.png\"   class=\"divimage imgblock\"><\/div><div class=\"dzs-navigation--item--title-and-meta\"><div class=\"the-title from-parse-items\">Metodolog\u00eda 5S - 3S Embellecer<\/div><div class=\"paragraph from-menu-desc-parse-items\">2013 - Metodolog\u00eda 5S<\/div><\/div><!-- end .title-and-meta --><\/div><\/div><div   class=\"vp5 vplayer-tobe  show-muted-btn\" data-player-id=\"2289\" data-videoTitle=\"Metodolog&iacute;a 5S - 4S Estandarizar\" data-sourcevp=\"https:\/\/grupori.com\/videos_training\/inducciones\/5s\/2013_4.mp4\"><div class=\"dzsvg-feed dzsvg-feed--extra-html-before-right-controls\"><div class=\"dzsvg-player-button quality-selector show-only-when-multiple-qualities\">{{svg_quality_icon}}<div class=\"dzsvg-tooltip\">{{quality-options}}<\/div><\/div><\/div><div class=\"extra-controls\"><\/div><div class=\"videoDescription feed-dzsvg description-from-parse_items\">2013 - Metodolog\u00eda 5S<\/div><div class=\"menuDescription from-parse-items\"><div data-imgsrc=\"https:\/\/trainingwtf.com\/wp-content\/uploads\/2024\/02\/2024-02-29_12h15_18.png\"   class=\"divimage imgblock\"><\/div><div class=\"dzs-navigation--item--title-and-meta\"><div class=\"the-title from-parse-items\">Metodolog\u00eda 5S - 4S Estandarizar<\/div><div class=\"paragraph from-menu-desc-parse-items\">2013 - Metodolog\u00eda 5S<\/div><\/div><!-- end .title-and-meta --><\/div><\/div><div   class=\"vp6 vplayer-tobe  show-muted-btn\" data-player-id=\"2290\" data-videoTitle=\"Metodolog&iacute;a 5S - 5S Mantener\" data-sourcevp=\"https:\/\/grupori.com\/videos_training\/inducciones\/5s\/2013_5.mp4\"><div class=\"dzsvg-feed dzsvg-feed--extra-html-before-right-controls\"><div class=\"dzsvg-player-button quality-selector show-only-when-multiple-qualities\">{{svg_quality_icon}}<div class=\"dzsvg-tooltip\">{{quality-options}}<\/div><\/div><\/div><div class=\"extra-controls\"><\/div><div class=\"videoDescription feed-dzsvg description-from-parse_items\">2013 - Metodolog\u00eda 5S<\/div><div class=\"menuDescription from-parse-items\"><div data-imgsrc=\"https:\/\/trainingwtf.com\/wp-content\/uploads\/2024\/02\/2024-02-29_12h15_18.png\"   class=\"divimage imgblock\"><\/div><div class=\"dzs-navigation--item--title-and-meta\"><div class=\"the-title from-parse-items\">Metodolog\u00eda 5S - 5S Mantener<\/div><div class=\"paragraph from-menu-desc-parse-items\">2013 - Metodolog\u00eda 5S<\/div><\/div><!-- end .title-and-meta --><\/div><\/div><\/div><!-- end .items--><\/div><\/div><div class=\"clear\"><\/div><\/div><\/div>\n\t\t\t\t\t\t<\/div>\n\t\t\t\t<\/div>\n\t\t\t\t\t<\/div>\n\t\t<\/div>\n\t\t\t\t\t<\/div>\n\t\t<\/section>\n\t\t\t\t<section class=\"elementor-section elementor-top-section elementor-element elementor-element-18d0880 elementor-section-boxed elementor-section-height-default elementor-section-height-default\" data-id=\"18d0880\" data-element_type=\"section\" data-settings=\"{&quot;_ha_eqh_enable&quot;:false}\">\n\t\t\t\t\t\t<div class=\"elementor-container elementor-column-gap-default\">\n\t\t\t\t\t<div class=\"elementor-column elementor-col-100 elementor-top-column elementor-element elementor-element-5e9ee32\" data-id=\"5e9ee32\" data-element_type=\"column\">\n\t\t\t<div class=\"elementor-widget-wrap elementor-element-populated\">\n\t\t\t\t\t\t<div class=\"elementor-element elementor-element-77b5219 elementor-widget elementor-widget-spacer\" data-id=\"77b5219\" data-element_type=\"widget\" data-widget_type=\"spacer.default\">\n\t\t\t\t<div class=\"elementor-widget-container\">\n\t\t\t\t\t\t\t<div class=\"elementor-spacer\">\n\t\t\t<div class=\"elementor-spacer-inner\"><\/div>\n\t\t<\/div>\n\t\t\t\t\t\t<\/div>\n\t\t\t\t<\/div>\n\t\t\t\t\t<\/div>\n\t\t<\/div>\n\t\t\t\t\t<\/div>\n\t\t<\/section>\n\t\t\t\t<\/div>\n\t\t","protected":false},"excerpt":{"rendered":"<p>Galer\u00eda Videos Metodolog\u00eda 5S Ver videos Galer\u00eda de Videos:<\/p>\n","protected":false},"author":1,"featured_media":0,"parent":0,"menu_order":0,"comment_status":"closed","ping_status":"closed","template":"","meta":{"site-sidebar-layout":"no-sidebar","site-content-layout":"page-builder","ast-site-content-layout":"","site-content-style":"default","site-sidebar-style":"default","ast-global-header-display":"","ast-banner-title-visibility":"","ast-main-header-display":"","ast-hfb-above-header-display":"","ast-hfb-below-header-display":"","ast-hfb-mobile-header-display":"","site-post-title":"disabled","ast-breadcrumbs-content":"","ast-featured-img":"disabled","footer-sml-layout":"","theme-transparent-header-meta":"default","adv-header-id-meta":"","stick-header-meta":"","header-above-stick-meta":"","header-main-stick-meta":"","header-below-stick-meta":"","astra-migrate-meta-layouts":"default","ast-page-background-enabled":"default","ast-page-background-meta":{"desktop":{"background-color":"","background-image":"","background-repeat":"repeat","background-position":"center center","background-size":"auto","background-attachment":"scroll","background-type":"","background-media":"","overlay-type":"","overlay-color":"","overlay-opacity":"","overlay-gradient":""},"tablet":{"background-color":"","background-image":"","background-repeat":"repeat","background-position":"center center","background-size":"auto","background-attachment":"scroll","background-type":"","background-media":"","overlay-type":"","overlay-color":"","overlay-opacity":"","overlay-gradient":""},"mobile":{"background-color":"","background-image":"","background-repeat":"repeat","background-position":"center center","background-size":"auto","background-attachment":"scroll","background-type":"","background-media":"","overlay-type":"","overlay-color":"","overlay-opacity":"","overlay-gradient":""}},"ast-content-background-meta":{"desktop":{"background-color":"var(--ast-global-color-5)","background-image":"","background-repeat":"repeat","background-position":"center center","background-size":"auto","background-attachment":"scroll","background-type":"","background-media":"","overlay-type":"","overlay-color":"","overlay-opacity":"","overlay-gradient":""},"tablet":{"background-color":"var(--ast-global-color-5)","background-image":"","background-repeat":"repeat","background-position":"center center","background-size":"auto","background-attachment":"scroll","background-type":"","background-media":"","overlay-type":"","overlay-color":"","overlay-opacity":"","overlay-gradient":""},"mobile":{"background-color":"var(--ast-global-color-5)","background-image":"","background-repeat":"repeat","background-position":"center center","background-size":"auto","background-attachment":"scroll","background-type":"","background-media":"","overlay-type":"","overlay-color":"","overlay-opacity":"","overlay-gradient":""}},"footnotes":""},"class_list":["post-2292","page","type-page","status-publish","hentry"],"_links":{"self":[{"href":"https:\/\/trainingwtf.com\/index.php\/wp-json\/wp\/v2\/pages\/2292","targetHints":{"allow":["GET"]}}],"collection":[{"href":"https:\/\/trainingwtf.com\/index.php\/wp-json\/wp\/v2\/pages"}],"about":[{"href":"https:\/\/trainingwtf.com\/index.php\/wp-json\/wp\/v2\/types\/page"}],"author":[{"embeddable":true,"href":"https:\/\/trainingwtf.com\/index.php\/wp-json\/wp\/v2\/users\/1"}],"replies":[{"embeddable":true,"href":"https:\/\/trainingwtf.com\/index.php\/wp-json\/wp\/v2\/comments?post=2292"}],"version-history":[{"count":5,"href":"https:\/\/trainingwtf.com\/index.php\/wp-json\/wp\/v2\/pages\/2292\/revisions"}],"predecessor-version":[{"id":3687,"href":"https:\/\/trainingwtf.com\/index.php\/wp-json\/wp\/v2\/pages\/2292\/revisions\/3687"}],"wp:attachment":[{"href":"https:\/\/trainingwtf.com\/index.php\/wp-json\/wp\/v2\/media?parent=2292"}],"curies":[{"name":"wp","href":"https:\/\/api.w.org\/{rel}","templated":true}]}}