{"id":1231,"date":"2021-12-07T17:42:02","date_gmt":"2021-12-07T17:42:02","guid":{"rendered":"https:\/\/test.tw.grupori.com\/?page_id=1231"},"modified":"2025-04-25T12:58:47","modified_gmt":"2025-04-25T12:58:47","slug":"videos-navidad-2021","status":"publish","type":"page","link":"https:\/\/trainingwtf.com\/index.php\/videos-navidad-2021\/","title":{"rendered":"Videos Navidad 2021"},"content":{"rendered":"\t\t<div data-elementor-type=\"wp-page\" data-elementor-id=\"1231\" class=\"elementor elementor-1231\" data-elementor-settings=\"{&quot;ha_cmc_init_switcher&quot;:&quot;no&quot;}\">\n\t\t\t\t\t\t<section class=\"elementor-section elementor-top-section elementor-element elementor-element-2fee2b5e elementor-section-boxed elementor-section-height-default elementor-section-height-default\" data-id=\"2fee2b5e\" data-element_type=\"section\" data-settings=\"{&quot;background_background&quot;:&quot;classic&quot;,&quot;_ha_eqh_enable&quot;:false}\">\n\t\t\t\t\t\t<div class=\"elementor-container elementor-column-gap-default\">\n\t\t\t\t\t<div class=\"elementor-column elementor-col-50 elementor-top-column elementor-element elementor-element-62ea3f31\" data-id=\"62ea3f31\" data-element_type=\"column\" data-settings=\"{&quot;background_background&quot;:&quot;classic&quot;}\">\n\t\t\t<div class=\"elementor-widget-wrap elementor-element-populated\">\n\t\t\t\t\t\t<div class=\"elementor-element elementor-element-44431a5e elementor-widget elementor-widget-heading\" data-id=\"44431a5e\" data-element_type=\"widget\" data-widget_type=\"heading.default\">\n\t\t\t\t<div class=\"elementor-widget-container\">\n\t\t\t\t\t<h2 class=\"elementor-heading-title elementor-size-default\">Galer\u00eda <\/h2>\t\t\t\t<\/div>\n\t\t\t\t<\/div>\n\t\t\t\t<div class=\"elementor-element elementor-element-8faa9de elementor-widget elementor-widget-heading\" data-id=\"8faa9de\" data-element_type=\"widget\" data-widget_type=\"heading.default\">\n\t\t\t\t<div class=\"elementor-widget-container\">\n\t\t\t\t\t<h2 class=\"elementor-heading-title elementor-size-default\">Videos Navidad<\/h2>\t\t\t\t<\/div>\n\t\t\t\t<\/div>\n\t\t\t\t<div class=\"elementor-element elementor-element-a1cd2c6 elementor-widget elementor-widget-button\" data-id=\"a1cd2c6\" data-element_type=\"widget\" data-widget_type=\"button.default\">\n\t\t\t\t<div class=\"elementor-widget-container\">\n\t\t\t\t\t\t\t\t\t<div class=\"elementor-button-wrapper\">\n\t\t\t\t\t<a class=\"elementor-button elementor-button-link elementor-size-sm\" href=\"#section-con\">\n\t\t\t\t\t\t<span class=\"elementor-button-content-wrapper\">\n\t\t\t\t\t\t<span class=\"elementor-button-icon\">\n\t\t\t\t<i aria-hidden=\"true\" class=\"far fa-hand-point-down\"><\/i>\t\t\t<\/span>\n\t\t\t\t\t\t\t\t\t<span class=\"elementor-button-text\">Ver videos<\/span>\n\t\t\t\t\t<\/span>\n\t\t\t\t\t<\/a>\n\t\t\t\t<\/div>\n\t\t\t\t\t\t\t\t<\/div>\n\t\t\t\t<\/div>\n\t\t\t\t<div class=\"elementor-element elementor-element-41146cd elementor-widget elementor-widget-spacer\" data-id=\"41146cd\" data-element_type=\"widget\" data-widget_type=\"spacer.default\">\n\t\t\t\t<div class=\"elementor-widget-container\">\n\t\t\t\t\t\t\t<div class=\"elementor-spacer\">\n\t\t\t<div class=\"elementor-spacer-inner\"><\/div>\n\t\t<\/div>\n\t\t\t\t\t\t<\/div>\n\t\t\t\t<\/div>\n\t\t\t\t\t<\/div>\n\t\t<\/div>\n\t\t\t\t<div class=\"elementor-column elementor-col-50 elementor-top-column elementor-element elementor-element-28fa5edd\" data-id=\"28fa5edd\" data-element_type=\"column\" data-settings=\"{&quot;background_background&quot;:&quot;classic&quot;}\">\n\t\t\t<div class=\"elementor-widget-wrap\">\n\t\t\t\t\t\t\t<\/div>\n\t\t<\/div>\n\t\t\t\t\t<\/div>\n\t\t<\/section>\n\t\t\t\t<section class=\"elementor-section elementor-top-section elementor-element elementor-element-48a45ea elementor-section-boxed elementor-section-height-default elementor-section-height-default\" data-id=\"48a45ea\" data-element_type=\"section\" data-settings=\"{&quot;_ha_eqh_enable&quot;:false}\">\n\t\t\t\t\t\t<div class=\"elementor-container elementor-column-gap-default\">\n\t\t\t\t\t<div class=\"elementor-column elementor-col-100 elementor-top-column elementor-element elementor-element-fbea576\" data-id=\"fbea576\" data-element_type=\"column\">\n\t\t\t<div class=\"elementor-widget-wrap elementor-element-populated\">\n\t\t\t\t\t\t<div class=\"elementor-element elementor-element-762a65c elementor-widget elementor-widget-heading\" data-id=\"762a65c\" data-element_type=\"widget\" data-widget_type=\"heading.default\">\n\t\t\t\t<div class=\"elementor-widget-container\">\n\t\t\t\t\t<h2 class=\"elementor-heading-title elementor-size-default\">Galer\u00eda de Videos:<\/h2>\t\t\t\t<\/div>\n\t\t\t\t<\/div>\n\t\t\t\t\t<\/div>\n\t\t<\/div>\n\t\t\t\t\t<\/div>\n\t\t<\/section>\n\t\t\t\t<section class=\"elementor-section elementor-top-section elementor-element elementor-element-278dc9b elementor-section-boxed elementor-section-height-default elementor-section-height-default\" data-id=\"278dc9b\" data-element_type=\"section\" id=\"section-con\" data-settings=\"{&quot;_ha_eqh_enable&quot;:false}\">\n\t\t\t\t\t\t<div class=\"elementor-container elementor-column-gap-default\">\n\t\t\t\t\t<div class=\"elementor-column elementor-col-100 elementor-top-column elementor-element elementor-element-15ec50b\" data-id=\"15ec50b\" data-element_type=\"column\">\n\t\t\t<div class=\"elementor-widget-wrap elementor-element-populated\">\n\t\t\t\t\t\t<div class=\"elementor-element elementor-element-7455fb6 elementor-widget elementor-widget-shortcode\" data-id=\"7455fb6\" data-element_type=\"widget\" data-widget_type=\"shortcode.default\">\n\t\t\t\t<div class=\"elementor-widget-container\">\n\t\t\t\t\t\t\t<div class=\"elementor-shortcode\"><div class=\"gallery-precon gp1\" style=\"width:100%;height:auto;\"><div class=\"videogallery-con\" style=\"width:100%;\"> <div class=\"dzsvg-preloader loader-container ball-pulse\"> <div class=\"loader\"> <div class=\"line-1\"><\/div> <div class=\"line-2\"><\/div> <div class=\"line-3\"><\/div> <div class=\"line-4\"><\/div> <div class=\"line-5\"><\/div> <\/div> <\/div><div class=\"vg1 transition-fade dzsvg-videogallery videogallery videogallery-1 auto-init id_videos-navidad skin-default navigation-skin--skin-default\"  id=\"videos-navidad\"  data-dzsvg-gallery-id=\"videos-navidad\"  data-options='{\"settings_menu_overlay\":\"on\",\"menuitem_width\":\"275\",\"menuitem_height\":\"100\",\"menuitem_space\":\"\",\"settings_mode\":\"wall\",\"nav_type_outer_grid\":\"dzs-layout--3-cols\",\"transition_type\":\"fade\",\"design_skin\":\"skin-default\",\"design_navigationUseEasing\":\"on\",\"extra_class_slider_con\":\"dzs-layout--3-cols\",\"videoplayersettings\":\"skinauroradefault\"}'    style=\"background-color:;  height:auto; \"><div class=\"items\"><div   class=\"vp1 vplayer-tobe  show-muted-btn\" data-player-id=\"3223\" data-videoTitle=\"Informativo QHSE Weatherford 2024\" data-sourcevp=\"https:\/\/trainingwtf.com\/wp-content\/uploads\/2024\/12\/2024-WFRD-Informativo-23-Mp4-FHD_1.mp4\"><div class=\"dzsvg-feed dzsvg-feed--extra-html-before-right-controls\"><div class=\"dzsvg-player-button quality-selector show-only-when-multiple-qualities\">{{svg_quality_icon}}<div class=\"dzsvg-tooltip\">{{quality-options}}<\/div><\/div><\/div><div class=\"extra-controls\"><\/div><div class=\"videoDescription feed-dzsvg description-from-parse_items\">Navidad 2024<\/div><div class=\"menuDescription from-parse-items\"><div data-imgsrc=\"https:\/\/trainingwtf.com\/wp-content\/uploads\/2024\/12\/2024-12-20_17h50_34.png\"   class=\"divimage imgblock\"><\/div><div class=\"dzs-navigation--item--title-and-meta\"><div class=\"the-title from-parse-items\">Informativo QHSE Weatherford 2024<\/div><div class=\"paragraph from-menu-desc-parse-items\">Navidad 2024<\/div><\/div><!-- end .title-and-meta --><\/div><\/div><div   class=\"vp2 vplayer-tobe  show-muted-btn\" data-player-id=\"3156\" data-videoTitle=\"Saludo Navide&ntilde;o (Jorge Garc&iacute;a - Country Director)\" data-sourcevp=\"https:\/\/trainingwtf.com\/wp-content\/uploads\/2024\/12\/final_gerente-.mp4\"><div class=\"dzsvg-feed dzsvg-feed--extra-html-before-right-controls\"><div class=\"dzsvg-player-button quality-selector show-only-when-multiple-qualities\">{{svg_quality_icon}}<div class=\"dzsvg-tooltip\">{{quality-options}}<\/div><\/div><\/div><div class=\"extra-controls\"><\/div><div class=\"videoDescription feed-dzsvg description-from-parse_items\">Navidad 2024<\/div><div class=\"menuDescription from-parse-items\"><div data-imgsrc=\"https:\/\/trainingwtf.com\/wp-content\/uploads\/2024\/12\/2024-12-17_08h07_18.png\"   class=\"divimage imgblock\"><\/div><div class=\"dzs-navigation--item--title-and-meta\"><div class=\"the-title from-parse-items\">Saludo Navide\u00f1o (Jorge Garc\u00eda - Country Director)<\/div><div class=\"paragraph from-menu-desc-parse-items\">Navidad 2024<\/div><\/div><!-- end .title-and-meta --><\/div><\/div><div   class=\"vp3 vplayer-tobe  show-muted-btn\" data-player-id=\"3159\" data-videoTitle=\"Las fiestas traen m&aacute;s veh&iacute;culos en las v&iacute;as\" data-sourcevp=\"https:\/\/trainingwtf.com\/wp-content\/uploads\/2024\/12\/video_vial.mp4\"><div class=\"dzsvg-feed dzsvg-feed--extra-html-before-right-controls\"><div class=\"dzsvg-player-button quality-selector show-only-when-multiple-qualities\">{{svg_quality_icon}}<div class=\"dzsvg-tooltip\">{{quality-options}}<\/div><\/div><\/div><div class=\"extra-controls\"><\/div><div class=\"videoDescription feed-dzsvg description-from-parse_items\">Navidad 2024<\/div><div class=\"menuDescription from-parse-items\"><div data-imgsrc=\"https:\/\/trainingwtf.com\/wp-content\/uploads\/2024\/12\/2024-12-17_08h15_36.png\"   class=\"divimage imgblock\"><\/div><div class=\"dzs-navigation--item--title-and-meta\"><div class=\"the-title from-parse-items\">Las fiestas traen m\u00e1s veh\u00edculos en las v\u00edas<\/div><div class=\"paragraph from-menu-desc-parse-items\">Navidad 2024<\/div><\/div><!-- end .title-and-meta --><\/div><\/div><div   class=\"vp4 vplayer-tobe  show-muted-btn\" data-player-id=\"3057\" data-videoTitle=\"&iquest;Listo Para Viajar?\" data-sourcevp=\"https:\/\/trainingwtf.com\/wp-content\/uploads\/2024\/12\/viajes_wtf-1.mp4\"><div class=\"dzsvg-feed dzsvg-feed--extra-html-before-right-controls\"><div class=\"dzsvg-player-button quality-selector show-only-when-multiple-qualities\">{{svg_quality_icon}}<div class=\"dzsvg-tooltip\">{{quality-options}}<\/div><\/div><\/div><div class=\"extra-controls\"><\/div><div class=\"videoDescription feed-dzsvg description-from-parse_items\">Navidad 2024<\/div><div class=\"menuDescription from-parse-items\"><div data-imgsrc=\"https:\/\/trainingwtf.com\/wp-content\/uploads\/2024\/12\/2024-12-13_10h55_11.png\"   class=\"divimage imgblock\"><\/div><div class=\"dzs-navigation--item--title-and-meta\"><div class=\"the-title from-parse-items\">\u00bfListo Para Viajar?<\/div><div class=\"paragraph from-menu-desc-parse-items\">Navidad 2024<\/div><\/div><!-- end .title-and-meta --><\/div><\/div><div   class=\"vp5 vplayer-tobe  show-muted-btn\" data-player-id=\"3054\" data-videoTitle=\"Una Navidad Segura y con Altura\" data-sourcevp=\"https:\/\/trainingwtf.com\/wp-content\/uploads\/2024\/12\/altura_navidad.mp4\"><div class=\"dzsvg-feed dzsvg-feed--extra-html-before-right-controls\"><div class=\"dzsvg-player-button quality-selector show-only-when-multiple-qualities\">{{svg_quality_icon}}<div class=\"dzsvg-tooltip\">{{quality-options}}<\/div><\/div><\/div><div class=\"extra-controls\"><\/div><div class=\"videoDescription feed-dzsvg description-from-parse_items\">Navidad 2024<\/div><div class=\"menuDescription from-parse-items\"><div data-imgsrc=\"https:\/\/trainingwtf.com\/wp-content\/uploads\/2024\/12\/2024-12-13_10h49_59.png\"   class=\"divimage imgblock\"><\/div><div class=\"dzs-navigation--item--title-and-meta\"><div class=\"the-title from-parse-items\">Una Navidad Segura y con Altura<\/div><div class=\"paragraph from-menu-desc-parse-items\">Navidad 2024<\/div><\/div><!-- end .title-and-meta --><\/div><\/div><div   class=\"vp6 vplayer-tobe  show-muted-btn\" data-player-id=\"3050\" data-videoTitle=\"Apaga la P&oacute;lvora y Enciende la Alegr&iacute;a\" data-sourcevp=\"https:\/\/trainingwtf.com\/wp-content\/uploads\/2024\/12\/20241128_053115.mp4\"><div class=\"dzsvg-feed dzsvg-feed--extra-html-before-right-controls\"><div class=\"dzsvg-player-button quality-selector show-only-when-multiple-qualities\">{{svg_quality_icon}}<div class=\"dzsvg-tooltip\">{{quality-options}}<\/div><\/div><\/div><div class=\"extra-controls\"><\/div><div class=\"videoDescription feed-dzsvg description-from-parse_items\">Navidad 2024<\/div><div class=\"menuDescription from-parse-items\"><div data-imgsrc=\"https:\/\/trainingwtf.com\/wp-content\/uploads\/2024\/12\/2024-12-13_10h46_10.png\"   class=\"divimage imgblock\"><\/div><div class=\"dzs-navigation--item--title-and-meta\"><div class=\"the-title from-parse-items\">Apaga la P\u00f3lvora y Enciende la Alegr\u00eda<\/div><div class=\"paragraph from-menu-desc-parse-items\">Navidad 2024<\/div><\/div><!-- end .title-and-meta --><\/div><\/div><div   class=\"vp7 vplayer-tobe  show-muted-btn\" data-player-id=\"2118\" data-videoTitle=\"Informativo QHSE Navidad 2023\" data-sourcevp=\"https:\/\/trainingwtf.com\/wp-content\/uploads\/2023\/12\/Noticieron-navidad-2023_1.mp4\"><div class=\"dzsvg-feed dzsvg-feed--extra-html-before-right-controls\"><div class=\"dzsvg-player-button quality-selector show-only-when-multiple-qualities\">{{svg_quality_icon}}<div class=\"dzsvg-tooltip\">{{quality-options}}<\/div><\/div><\/div><div class=\"extra-controls\"><\/div><div class=\"videoDescription feed-dzsvg description-from-parse_items\">Navidad 2023<\/div><div class=\"menuDescription from-parse-items\"><div data-imgsrc=\"https:\/\/trainingwtf.com\/wp-content\/uploads\/2023\/12\/2023-12-19_12h38_28.png\"   class=\"divimage imgblock\"><\/div><div class=\"dzs-navigation--item--title-and-meta\"><div class=\"the-title from-parse-items\">Informativo QHSE Navidad 2023<\/div><div class=\"paragraph from-menu-desc-parse-items\">Navidad 2023<\/div><\/div><!-- end .title-and-meta --><\/div><\/div><div   class=\"vp8 vplayer-tobe  show-muted-btn\" data-player-id=\"1787\" data-videoTitle=\"Informativo Seguridad Vial\" data-sourcevp=\"https:\/\/trainingwtf.com\/wp-content\/uploads\/2022\/12\/2022-WFRD-Seguridad-Vial-Mp4-1080p.mp4\"><div class=\"dzsvg-feed dzsvg-feed--extra-html-before-right-controls\"><div class=\"dzsvg-player-button quality-selector show-only-when-multiple-qualities\">{{svg_quality_icon}}<div class=\"dzsvg-tooltip\">{{quality-options}}<\/div><\/div><\/div><div class=\"extra-controls\"><\/div><div class=\"videoDescription feed-dzsvg description-from-parse_items\">Navidad 2022<\/div><div class=\"menuDescription from-parse-items\"><div data-imgsrc=\"https:\/\/trainingwtf.com\/wp-content\/uploads\/2022\/12\/2022-12-22_12h03_18.png\"   class=\"divimage imgblock\"><\/div><div class=\"dzs-navigation--item--title-and-meta\"><div class=\"the-title from-parse-items\">Informativo Seguridad Vial<\/div><div class=\"paragraph from-menu-desc-parse-items\">Navidad 2022<\/div><\/div><!-- end .title-and-meta --><\/div><\/div><div   class=\"vp9 vplayer-tobe  show-muted-btn\" data-player-id=\"1782\" data-videoTitle=\"Saludo Aquiles Cede&ntilde;o\" data-sourcevp=\"https:\/\/trainingwtf.com\/wp-content\/uploads\/2022\/12\/2022-WFRD-Saludo-Aquiles-Cedeno-Mp4-1080p.mp4\"><div class=\"dzsvg-feed dzsvg-feed--extra-html-before-right-controls\"><div class=\"dzsvg-player-button quality-selector show-only-when-multiple-qualities\">{{svg_quality_icon}}<div class=\"dzsvg-tooltip\">{{quality-options}}<\/div><\/div><\/div><div class=\"extra-controls\"><\/div><div class=\"videoDescription feed-dzsvg description-from-parse_items\">Navidad 2022<\/div><div class=\"menuDescription from-parse-items\"><div data-imgsrc=\"https:\/\/trainingwtf.com\/wp-content\/uploads\/2022\/12\/2022-12-21_17h53_20.png\"   class=\"divimage imgblock\"><\/div><div class=\"dzs-navigation--item--title-and-meta\"><div class=\"the-title from-parse-items\">Saludo Aquiles Cede\u00f1o<\/div><div class=\"paragraph from-menu-desc-parse-items\">Navidad 2022<\/div><\/div><!-- end .title-and-meta --><\/div><\/div><div   class=\"vp10 vplayer-tobe  show-muted-btn\" data-player-id=\"1785\" data-videoTitle=\"Saludo Aquiles Cede&ntilde;o (Portugu&eacute;s)\" data-sourcevp=\"https:\/\/trainingwtf.com\/wp-content\/uploads\/2022\/12\/2022-WFRD-Saludo-Aquiles-Cedeno-SUBPortugues-Mp4-1080p.mp4\"><div class=\"dzsvg-feed dzsvg-feed--extra-html-before-right-controls\"><div class=\"dzsvg-player-button quality-selector show-only-when-multiple-qualities\">{{svg_quality_icon}}<div class=\"dzsvg-tooltip\">{{quality-options}}<\/div><\/div><\/div><div class=\"extra-controls\"><\/div><div class=\"videoDescription feed-dzsvg description-from-parse_items\">Navidad 2022<\/div><div class=\"menuDescription from-parse-items\"><div data-imgsrc=\"https:\/\/trainingwtf.com\/wp-content\/uploads\/2022\/12\/2022-12-21_17h53_20.png\"   class=\"divimage imgblock\"><\/div><div class=\"dzs-navigation--item--title-and-meta\"><div class=\"the-title from-parse-items\">Saludo Aquiles Cede\u00f1o (Portugu\u00e9s)<\/div><div class=\"paragraph from-menu-desc-parse-items\">Navidad 2022<\/div><\/div><!-- end .title-and-meta --><\/div><\/div><div   class=\"vp11 vplayer-tobe  show-muted-btn\" data-player-id=\"1779\" data-videoTitle=\"Informativo QHSE Weatherford\" data-sourcevp=\"https:\/\/trainingwtf.com\/wp-content\/uploads\/2022\/12\/2022-WFRD-Informativo-21-Mp4-1080p_1.mp4\"><div class=\"dzsvg-feed dzsvg-feed--extra-html-before-right-controls\"><div class=\"dzsvg-player-button quality-selector show-only-when-multiple-qualities\">{{svg_quality_icon}}<div class=\"dzsvg-tooltip\">{{quality-options}}<\/div><\/div><\/div><div class=\"extra-controls\"><\/div><div class=\"videoDescription feed-dzsvg description-from-parse_items\">Navidad 2022<\/div><div class=\"menuDescription from-parse-items\"><div data-imgsrc=\"https:\/\/trainingwtf.com\/wp-content\/uploads\/2022\/12\/2022-12-20_12h56_15.png\"   class=\"divimage imgblock\"><\/div><div class=\"dzs-navigation--item--title-and-meta\"><div class=\"the-title from-parse-items\">Informativo QHSE Weatherford<\/div><div class=\"paragraph from-menu-desc-parse-items\">Navidad 2022<\/div><\/div><!-- end .title-and-meta --><\/div><\/div><div   class=\"vp12 vplayer-tobe  show-muted-btn\" data-player-id=\"1237\" data-videoTitle=\"Consejos para evitar el riesgo el&eacute;ctrico en navidad\" data-sourcevp=\"https:\/\/trainingwtf.com\/wp-content\/uploads\/2021\/12\/WhatsApp-Video-2021-12-06-at-9.37.48-AM.mp4\"><div class=\"dzsvg-feed dzsvg-feed--extra-html-before-right-controls\"><div class=\"dzsvg-player-button quality-selector show-only-when-multiple-qualities\">{{svg_quality_icon}}<div class=\"dzsvg-tooltip\">{{quality-options}}<\/div><\/div><\/div><div class=\"extra-controls\"><\/div><div class=\"videoDescription feed-dzsvg description-from-parse_items\">Navidad 2021<\/div><div class=\"menuDescription from-parse-items\"><div data-imgsrc=\"https:\/\/trainingwtf.com\/wp-content\/uploads\/2021\/12\/2021-12-06_10h04_53.png\"   class=\"divimage imgblock\"><\/div><div class=\"dzs-navigation--item--title-and-meta\"><div class=\"the-title from-parse-items\">Consejos para evitar el riesgo el\u00e9ctrico en navidad<\/div><div class=\"paragraph from-menu-desc-parse-items\">Navidad 2021<\/div><\/div><!-- end .title-and-meta --><\/div><\/div><div   class=\"vp13 vplayer-tobe  show-muted-btn\" data-player-id=\"1238\" data-videoTitle=\"Consejos para una Navidad Segura\" data-sourcevp=\"https:\/\/trainingwtf.com\/wp-content\/uploads\/2021\/12\/Video-Navidad-Weatherford_1.mp4\"><div class=\"dzsvg-feed dzsvg-feed--extra-html-before-right-controls\"><div class=\"dzsvg-player-button quality-selector show-only-when-multiple-qualities\">{{svg_quality_icon}}<div class=\"dzsvg-tooltip\">{{quality-options}}<\/div><\/div><\/div><div class=\"extra-controls\"><\/div><div class=\"videoDescription feed-dzsvg description-from-parse_items\">Navidad 2021<\/div><div class=\"menuDescription from-parse-items\"><div data-imgsrc=\"https:\/\/trainingwtf.com\/wp-content\/uploads\/2021\/12\/2021-12-06_10h24_40.png\"   class=\"divimage imgblock\"><\/div><div class=\"dzs-navigation--item--title-and-meta\"><div class=\"the-title from-parse-items\">Consejos para una Navidad Segura<\/div><div class=\"paragraph from-menu-desc-parse-items\">Navidad 2021<\/div><\/div><!-- end .title-and-meta --><\/div><\/div><div   class=\"vp14 vplayer-tobe  show-muted-btn\" data-player-id=\"1250\" data-videoTitle=\"Informativo QHSE Weatherford\" data-sourcevp=\"https:\/\/trainingwtf.com\/wp-content\/uploads\/2021\/12\/2021-WFT-Informativo-20-Mp4-1080p_2.mp4\"><div class=\"dzsvg-feed dzsvg-feed--extra-html-before-right-controls\"><div class=\"dzsvg-player-button quality-selector show-only-when-multiple-qualities\">{{svg_quality_icon}}<div class=\"dzsvg-tooltip\">{{quality-options}}<\/div><\/div><\/div><div class=\"extra-controls\"><\/div><div class=\"videoDescription feed-dzsvg description-from-parse_items\">Navidad 2021<\/div><div class=\"menuDescription from-parse-items\"><div data-imgsrc=\"https:\/\/trainingwtf.com\/wp-content\/uploads\/2021\/12\/2021-12-14_10h44_46.png\"   class=\"divimage imgblock\"><\/div><div class=\"dzs-navigation--item--title-and-meta\"><div class=\"the-title from-parse-items\">Informativo QHSE Weatherford<\/div><div class=\"paragraph from-menu-desc-parse-items\">Navidad 2021<\/div><\/div><!-- end .title-and-meta --><\/div><\/div><\/div><!-- end .items--><\/div><\/div><div class=\"clear\"><\/div><\/div><\/div>\n\t\t\t\t\t\t<\/div>\n\t\t\t\t<\/div>\n\t\t\t\t\t<\/div>\n\t\t<\/div>\n\t\t\t\t\t<\/div>\n\t\t<\/section>\n\t\t\t\t<section class=\"elementor-section elementor-top-section elementor-element elementor-element-81db837 elementor-section-boxed elementor-section-height-default elementor-section-height-default\" data-id=\"81db837\" data-element_type=\"section\" data-settings=\"{&quot;_ha_eqh_enable&quot;:false}\">\n\t\t\t\t\t\t<div class=\"elementor-container elementor-column-gap-default\">\n\t\t\t\t\t<div class=\"elementor-column elementor-col-100 elementor-top-column elementor-element elementor-element-5055daa\" data-id=\"5055daa\" data-element_type=\"column\">\n\t\t\t<div class=\"elementor-widget-wrap elementor-element-populated\">\n\t\t\t\t\t\t<div class=\"elementor-element elementor-element-ee5cc30 elementor-widget elementor-widget-spacer\" data-id=\"ee5cc30\" data-element_type=\"widget\" data-widget_type=\"spacer.default\">\n\t\t\t\t<div class=\"elementor-widget-container\">\n\t\t\t\t\t\t\t<div class=\"elementor-spacer\">\n\t\t\t<div class=\"elementor-spacer-inner\"><\/div>\n\t\t<\/div>\n\t\t\t\t\t\t<\/div>\n\t\t\t\t<\/div>\n\t\t\t\t\t<\/div>\n\t\t<\/div>\n\t\t\t\t\t<\/div>\n\t\t<\/section>\n\t\t\t\t<\/div>\n\t\t","protected":false},"excerpt":{"rendered":"<p>Galer\u00eda Videos Navidad Ver videos Galer\u00eda de Videos:<\/p>\n","protected":false},"author":1,"featured_media":0,"parent":0,"menu_order":0,"comment_status":"closed","ping_status":"closed","template":"","meta":{"site-sidebar-layout":"no-sidebar","site-content-layout":"page-builder","ast-site-content-layout":"","site-content-style":"default","site-sidebar-style":"default","ast-global-header-display":"","ast-banner-title-visibility":"","ast-main-header-display":"","ast-hfb-above-header-display":"","ast-hfb-below-header-display":"","ast-hfb-mobile-header-display":"","site-post-title":"disabled","ast-breadcrumbs-content":"","ast-featured-img":"disabled","footer-sml-layout":"","theme-transparent-header-meta":"default","adv-header-id-meta":"","stick-header-meta":"","header-above-stick-meta":"","header-main-stick-meta":"","header-below-stick-meta":"","astra-migrate-meta-layouts":"default","ast-page-background-enabled":"default","ast-page-background-meta":{"desktop":{"background-color":"","background-image":"","background-repeat":"repeat","background-position":"center center","background-size":"auto","background-attachment":"scroll","background-type":"","background-media":"","overlay-type":"","overlay-color":"","overlay-opacity":"","overlay-gradient":""},"tablet":{"background-color":"","background-image":"","background-repeat":"repeat","background-position":"center center","background-size":"auto","background-attachment":"scroll","background-type":"","background-media":"","overlay-type":"","overlay-color":"","overlay-opacity":"","overlay-gradient":""},"mobile":{"background-color":"","background-image":"","background-repeat":"repeat","background-position":"center center","background-size":"auto","background-attachment":"scroll","background-type":"","background-media":"","overlay-type":"","overlay-color":"","overlay-opacity":"","overlay-gradient":""}},"ast-content-background-meta":{"desktop":{"background-color":"var(--ast-global-color-5)","background-image":"","background-repeat":"repeat","background-position":"center center","background-size":"auto","background-attachment":"scroll","background-type":"","background-media":"","overlay-type":"","overlay-color":"","overlay-opacity":"","overlay-gradient":""},"tablet":{"background-color":"var(--ast-global-color-5)","background-image":"","background-repeat":"repeat","background-position":"center center","background-size":"auto","background-attachment":"scroll","background-type":"","background-media":"","overlay-type":"","overlay-color":"","overlay-opacity":"","overlay-gradient":""},"mobile":{"background-color":"var(--ast-global-color-5)","background-image":"","background-repeat":"repeat","background-position":"center center","background-size":"auto","background-attachment":"scroll","background-type":"","background-media":"","overlay-type":"","overlay-color":"","overlay-opacity":"","overlay-gradient":""}},"footnotes":""},"class_list":["post-1231","page","type-page","status-publish","hentry"],"_links":{"self":[{"href":"https:\/\/trainingwtf.com\/index.php\/wp-json\/wp\/v2\/pages\/1231","targetHints":{"allow":["GET"]}}],"collection":[{"href":"https:\/\/trainingwtf.com\/index.php\/wp-json\/wp\/v2\/pages"}],"about":[{"href":"https:\/\/trainingwtf.com\/index.php\/wp-json\/wp\/v2\/types\/page"}],"author":[{"embeddable":true,"href":"https:\/\/trainingwtf.com\/index.php\/wp-json\/wp\/v2\/users\/1"}],"replies":[{"embeddable":true,"href":"https:\/\/trainingwtf.com\/index.php\/wp-json\/wp\/v2\/comments?post=1231"}],"version-history":[{"count":5,"href":"https:\/\/trainingwtf.com\/index.php\/wp-json\/wp\/v2\/pages\/1231\/revisions"}],"predecessor-version":[{"id":3675,"href":"https:\/\/trainingwtf.com\/index.php\/wp-json\/wp\/v2\/pages\/1231\/revisions\/3675"}],"wp:attachment":[{"href":"https:\/\/trainingwtf.com\/index.php\/wp-json\/wp\/v2\/media?parent=1231"}],"curies":[{"name":"wp","href":"https:\/\/api.w.org\/{rel}","templated":true}]}}