{"id":1157,"date":"2021-11-24T13:44:58","date_gmt":"2021-11-24T13:44:58","guid":{"rendered":"https:\/\/test.tw.grupori.com\/?page_id=1157"},"modified":"2025-04-25T12:56:19","modified_gmt":"2025-04-25T12:56:19","slug":"videos_ambiental","status":"publish","type":"page","link":"https:\/\/trainingwtf.com\/index.php\/videos_ambiental\/","title":{"rendered":"Videos Ambiental"},"content":{"rendered":"\t\t<div data-elementor-type=\"wp-page\" data-elementor-id=\"1157\" class=\"elementor elementor-1157\" data-elementor-settings=\"{&quot;ha_cmc_init_switcher&quot;:&quot;no&quot;}\">\n\t\t\t\t\t\t<section class=\"elementor-section elementor-top-section elementor-element elementor-element-2fee2b5e elementor-section-boxed elementor-section-height-default elementor-section-height-default\" data-id=\"2fee2b5e\" data-element_type=\"section\" data-settings=\"{&quot;background_background&quot;:&quot;classic&quot;,&quot;_ha_eqh_enable&quot;:false}\">\n\t\t\t\t\t\t<div class=\"elementor-container elementor-column-gap-default\">\n\t\t\t\t\t<div class=\"elementor-column elementor-col-50 elementor-top-column elementor-element elementor-element-62ea3f31\" data-id=\"62ea3f31\" data-element_type=\"column\" data-settings=\"{&quot;background_background&quot;:&quot;classic&quot;}\">\n\t\t\t<div class=\"elementor-widget-wrap elementor-element-populated\">\n\t\t\t\t\t\t<div class=\"elementor-element elementor-element-44431a5e elementor-widget elementor-widget-heading\" data-id=\"44431a5e\" data-element_type=\"widget\" data-widget_type=\"heading.default\">\n\t\t\t\t<div class=\"elementor-widget-container\">\n\t\t\t\t\t<h2 class=\"elementor-heading-title elementor-size-default\">Galer\u00eda <\/h2>\t\t\t\t<\/div>\n\t\t\t\t<\/div>\n\t\t\t\t<div class=\"elementor-element elementor-element-8faa9de elementor-widget elementor-widget-heading\" data-id=\"8faa9de\" data-element_type=\"widget\" data-widget_type=\"heading.default\">\n\t\t\t\t<div class=\"elementor-widget-container\">\n\t\t\t\t\t<h2 class=\"elementor-heading-title elementor-size-default\">Videos Ambiental<\/h2>\t\t\t\t<\/div>\n\t\t\t\t<\/div>\n\t\t\t\t<div class=\"elementor-element elementor-element-a1cd2c6 elementor-widget elementor-widget-button\" data-id=\"a1cd2c6\" data-element_type=\"widget\" data-widget_type=\"button.default\">\n\t\t\t\t<div class=\"elementor-widget-container\">\n\t\t\t\t\t\t\t\t\t<div class=\"elementor-button-wrapper\">\n\t\t\t\t\t<a class=\"elementor-button elementor-button-link elementor-size-sm\" href=\"#section-con\">\n\t\t\t\t\t\t<span class=\"elementor-button-content-wrapper\">\n\t\t\t\t\t\t<span class=\"elementor-button-icon\">\n\t\t\t\t<i aria-hidden=\"true\" class=\"far fa-hand-point-down\"><\/i>\t\t\t<\/span>\n\t\t\t\t\t\t\t\t\t<span class=\"elementor-button-text\">Ver videos<\/span>\n\t\t\t\t\t<\/span>\n\t\t\t\t\t<\/a>\n\t\t\t\t<\/div>\n\t\t\t\t\t\t\t\t<\/div>\n\t\t\t\t<\/div>\n\t\t\t\t<div class=\"elementor-element elementor-element-41146cd elementor-widget elementor-widget-spacer\" data-id=\"41146cd\" data-element_type=\"widget\" data-widget_type=\"spacer.default\">\n\t\t\t\t<div class=\"elementor-widget-container\">\n\t\t\t\t\t\t\t<div class=\"elementor-spacer\">\n\t\t\t<div class=\"elementor-spacer-inner\"><\/div>\n\t\t<\/div>\n\t\t\t\t\t\t<\/div>\n\t\t\t\t<\/div>\n\t\t\t\t\t<\/div>\n\t\t<\/div>\n\t\t\t\t<div class=\"elementor-column elementor-col-50 elementor-top-column elementor-element elementor-element-28fa5edd\" data-id=\"28fa5edd\" data-element_type=\"column\" data-settings=\"{&quot;background_background&quot;:&quot;classic&quot;}\">\n\t\t\t<div class=\"elementor-widget-wrap\">\n\t\t\t\t\t\t\t<\/div>\n\t\t<\/div>\n\t\t\t\t\t<\/div>\n\t\t<\/section>\n\t\t\t\t<section class=\"elementor-section elementor-top-section elementor-element elementor-element-48a45ea elementor-section-boxed elementor-section-height-default elementor-section-height-default\" data-id=\"48a45ea\" data-element_type=\"section\" data-settings=\"{&quot;_ha_eqh_enable&quot;:false}\">\n\t\t\t\t\t\t<div class=\"elementor-container elementor-column-gap-default\">\n\t\t\t\t\t<div class=\"elementor-column elementor-col-100 elementor-top-column elementor-element elementor-element-fbea576\" data-id=\"fbea576\" data-element_type=\"column\">\n\t\t\t<div class=\"elementor-widget-wrap elementor-element-populated\">\n\t\t\t\t\t\t<div class=\"elementor-element elementor-element-762a65c elementor-widget elementor-widget-heading\" data-id=\"762a65c\" data-element_type=\"widget\" data-widget_type=\"heading.default\">\n\t\t\t\t<div class=\"elementor-widget-container\">\n\t\t\t\t\t<h2 class=\"elementor-heading-title elementor-size-default\">Galer\u00eda de Videos:<\/h2>\t\t\t\t<\/div>\n\t\t\t\t<\/div>\n\t\t\t\t\t<\/div>\n\t\t<\/div>\n\t\t\t\t\t<\/div>\n\t\t<\/section>\n\t\t\t\t<section class=\"elementor-section elementor-top-section elementor-element elementor-element-278dc9b elementor-section-boxed elementor-section-height-default elementor-section-height-default\" data-id=\"278dc9b\" data-element_type=\"section\" id=\"section-con\" data-settings=\"{&quot;_ha_eqh_enable&quot;:false}\">\n\t\t\t\t\t\t<div class=\"elementor-container elementor-column-gap-default\">\n\t\t\t\t\t<div class=\"elementor-column elementor-col-100 elementor-top-column elementor-element elementor-element-15ec50b\" data-id=\"15ec50b\" data-element_type=\"column\">\n\t\t\t<div class=\"elementor-widget-wrap\">\n\t\t\t\t\t\t\t<\/div>\n\t\t<\/div>\n\t\t\t\t\t<\/div>\n\t\t<\/section>\n\t\t\t\t<section class=\"elementor-section elementor-top-section elementor-element elementor-element-3dcbab5 elementor-section-boxed elementor-section-height-default elementor-section-height-default\" data-id=\"3dcbab5\" data-element_type=\"section\" data-settings=\"{&quot;_ha_eqh_enable&quot;:false}\">\n\t\t\t\t\t\t<div class=\"elementor-container elementor-column-gap-default\">\n\t\t\t\t\t<div class=\"elementor-column elementor-col-100 elementor-top-column elementor-element elementor-element-5dc6e5b\" data-id=\"5dc6e5b\" data-element_type=\"column\">\n\t\t\t<div class=\"elementor-widget-wrap elementor-element-populated\">\n\t\t\t\t\t\t<section class=\"elementor-section elementor-inner-section elementor-element elementor-element-e1227c2 elementor-section-boxed elementor-section-height-default elementor-section-height-default\" data-id=\"e1227c2\" data-element_type=\"section\" data-settings=\"{&quot;_ha_eqh_enable&quot;:false}\">\n\t\t\t\t\t\t<div class=\"elementor-container elementor-column-gap-default\">\n\t\t\t\t\t<div class=\"elementor-column elementor-col-33 elementor-inner-column elementor-element elementor-element-1256394\" data-id=\"1256394\" data-element_type=\"column\">\n\t\t\t<div class=\"elementor-widget-wrap elementor-element-populated\">\n\t\t\t\t\t\t<div class=\"elementor-element elementor-element-7455fb6 elementor-widget__width-initial elementor-widget elementor-widget-shortcode\" data-id=\"7455fb6\" data-element_type=\"widget\" data-widget_type=\"shortcode.default\">\n\t\t\t\t<div class=\"elementor-widget-container\">\n\t\t\t\t\t\t\t<div class=\"elementor-shortcode\"><div class=\"gallery-precon gp1\" style=\"width:100%;height:auto;\"><div class=\"videogallery-con\" style=\"width:100%;\"> <div class=\"dzsvg-preloader loader-container ball-pulse\"> <div class=\"loader\"> <div class=\"line-1\"><\/div> <div class=\"line-2\"><\/div> <div class=\"line-3\"><\/div> <div class=\"line-4\"><\/div> <div class=\"line-5\"><\/div> <\/div> <\/div><div class=\"vg1 transition-fade dzsvg-videogallery videogallery videogallery-1 auto-init id_videos-ambiental skin-default navigation-skin--skin-default\"  id=\"videos-ambiental\"  data-dzsvg-gallery-id=\"videos-ambiental\"  data-options='{\"settings_menu_overlay\":\"on\",\"menuitem_width\":\"275\",\"menuitem_height\":\"100\",\"menuitem_space\":\"\",\"settings_mode\":\"wall\",\"nav_type_outer_grid\":\"dzs-layout--3-cols\",\"transition_type\":\"fade\",\"design_skin\":\"skin-default\",\"design_navigationUseEasing\":\"on\",\"extra_class_slider_con\":\"dzs-layout--3-cols\",\"videoplayersettings\":\"skinauroradefault\"}'    style=\"background-color:;  height:auto; \"><div class=\"items\"><div   class=\"vp1 vplayer-tobe  show-muted-btn\" data-player-id=\"1978\" data-videoTitle=\"Botellas de amor\" data-sourcevp=\"https:\/\/trainingwtf.com\/wp-content\/uploads\/2023\/07\/botellas-1.mp4\"><div class=\"dzsvg-feed dzsvg-feed--extra-html-before-right-controls\"><div class=\"dzsvg-player-button quality-selector show-only-when-multiple-qualities\">{{svg_quality_icon}}<div class=\"dzsvg-tooltip\">{{quality-options}}<\/div><\/div><\/div><div class=\"extra-controls\"><\/div><div class=\"videoDescription feed-dzsvg description-from-parse_items\">Ambiental - Julio 2023<\/div><div class=\"menuDescription from-parse-items\"><div data-imgsrc=\"https:\/\/trainingwtf.com\/wp-content\/uploads\/2023\/07\/2023-07-19_16h07_40.png\"   class=\"divimage imgblock\"><\/div><div class=\"dzs-navigation--item--title-and-meta\"><div class=\"the-title from-parse-items\">Botellas de amor<\/div><div class=\"paragraph from-menu-desc-parse-items\">Ambiental - Julio 2023<\/div><\/div><!-- end .title-and-meta --><\/div><\/div><div   class=\"vp2 vplayer-tobe  show-muted-btn\" data-player-id=\"1153\" data-videoTitle=\"Huella de Carbono\" data-sourcevp=\"https:\/\/trainingwtf.com\/wp-content\/uploads\/2021\/11\/video_wtf.mp4\"><div class=\"dzsvg-feed dzsvg-feed--extra-html-before-right-controls\"><div class=\"dzsvg-player-button quality-selector show-only-when-multiple-qualities\">{{svg_quality_icon}}<div class=\"dzsvg-tooltip\">{{quality-options}}<\/div><\/div><\/div><div class=\"extra-controls\"><\/div><div class=\"videoDescription feed-dzsvg description-from-parse_items\">Ambiental - Noviembre<\/div><div class=\"menuDescription from-parse-items\"><div data-imgsrc=\"https:\/\/trainingwtf.com\/wp-content\/uploads\/2021\/11\/2021-11-24_08h41_12.png\"   class=\"divimage imgblock\"><\/div><div class=\"dzs-navigation--item--title-and-meta\"><div class=\"the-title from-parse-items\">Huella de Carbono<\/div><div class=\"paragraph from-menu-desc-parse-items\">Ambiental - Noviembre<\/div><\/div><!-- end .title-and-meta --><\/div><\/div><div   class=\"vp3 vplayer-tobe  show-muted-btn\" data-player-id=\"1731\" data-videoTitle=\"Reporte Sostenibilidad 2022\" data-sourcevp=\"https:\/\/trainingwtf.com\/wp-content\/uploads\/2022\/10\/2022-WFT-Reporte-Sostenibilidad-SUBS-ENG-2_1.mp4\"><div class=\"dzsvg-feed dzsvg-feed--extra-html-before-right-controls\"><div class=\"dzsvg-player-button quality-selector show-only-when-multiple-qualities\">{{svg_quality_icon}}<div class=\"dzsvg-tooltip\">{{quality-options}}<\/div><\/div><\/div><div class=\"extra-controls\"><\/div><div class=\"videoDescription feed-dzsvg description-from-parse_items\">Ambiental - Octubre 2022<\/div><div class=\"menuDescription from-parse-items\"><div data-imgsrc=\"https:\/\/trainingwtf.com\/wp-content\/uploads\/2022\/10\/2022-10-10_17h29_41.png\"   class=\"divimage imgblock\"><\/div><div class=\"dzs-navigation--item--title-and-meta\"><div class=\"the-title from-parse-items\">Reporte Sostenibilidad 2022<\/div><div class=\"paragraph from-menu-desc-parse-items\">Ambiental - Octubre 2022<\/div><\/div><!-- end .title-and-meta --><\/div><\/div><\/div><!-- end .items--><\/div><\/div><div class=\"clear\"><\/div><\/div><\/div>\n\t\t\t\t\t\t<\/div>\n\t\t\t\t<\/div>\n\t\t\t\t\t<\/div>\n\t\t<\/div>\n\t\t\t\t<div class=\"elementor-column elementor-col-33 elementor-inner-column elementor-element elementor-element-f388708\" data-id=\"f388708\" data-element_type=\"column\">\n\t\t\t<div class=\"elementor-widget-wrap elementor-element-populated\">\n\t\t\t\t\t\t<div data-ha-element-link=\"{&quot;url&quot;:&quot;https:\\\/\\\/www.canva.com\\\/design\\\/DAFj2V8n_3E\\\/MCeg4rPEVOuJEogIOPsXKw\\\/watch?utm_content=DAFj2V8n_3E&#038;utm_campaign=designshare&#038;utm_medium=link&#038;utm_source=publishsharelink&quot;,&quot;is_external&quot;:&quot;on&quot;,&quot;nofollow&quot;:&quot;&quot;}\" style=\"cursor: pointer\" class=\"elementor-element elementor-element-0638a18 elementor-widget__width-initial elementor-widget elementor-widget-image\" data-id=\"0638a18\" data-element_type=\"widget\" data-widget_type=\"image.default\">\n\t\t\t\t<div class=\"elementor-widget-container\">\n\t\t\t\t\t\t\t\t\t\t\t\t\t\t\t<img fetchpriority=\"high\" decoding=\"async\" width=\"1024\" height=\"540\" src=\"https:\/\/trainingwtf.com\/wp-content\/uploads\/2023\/06\/2023-06-29_11h45_10-1024x540.png\" class=\"attachment-large size-large wp-image-1909\" alt=\"\" srcset=\"https:\/\/trainingwtf.com\/wp-content\/uploads\/2023\/06\/2023-06-29_11h45_10-1024x540.png 1024w, https:\/\/trainingwtf.com\/wp-content\/uploads\/2023\/06\/2023-06-29_11h45_10-300x158.png 300w, https:\/\/trainingwtf.com\/wp-content\/uploads\/2023\/06\/2023-06-29_11h45_10-768x405.png 768w, https:\/\/trainingwtf.com\/wp-content\/uploads\/2023\/06\/2023-06-29_11h45_10.png 1366w\" sizes=\"(max-width: 1024px) 100vw, 1024px\" \/>\t\t\t\t\t\t\t\t\t\t\t\t\t\t\t<\/div>\n\t\t\t\t<\/div>\n\t\t\t\t<div class=\"elementor-element elementor-element-39c07dc elementor-widget__width-initial elementor-widget elementor-widget-heading\" data-id=\"39c07dc\" data-element_type=\"widget\" data-widget_type=\"heading.default\">\n\t\t\t\t<div class=\"elementor-widget-container\">\n\t\t\t\t\t<h2 class=\"elementor-heading-title elementor-size-default\">Video Premiaci\u00f3n<br> Dibujo D\u00eda de la Tierra 2023<\/h2>\t\t\t\t<\/div>\n\t\t\t\t<\/div>\n\t\t\t\t\t<\/div>\n\t\t<\/div>\n\t\t\t\t<div class=\"elementor-column elementor-col-33 elementor-inner-column elementor-element elementor-element-52f1d8f\" data-id=\"52f1d8f\" data-element_type=\"column\">\n\t\t\t<div class=\"elementor-widget-wrap\">\n\t\t\t\t\t\t\t<\/div>\n\t\t<\/div>\n\t\t\t\t\t<\/div>\n\t\t<\/section>\n\t\t\t\t\t<\/div>\n\t\t<\/div>\n\t\t\t\t\t<\/div>\n\t\t<\/section>\n\t\t\t\t<section class=\"elementor-section elementor-top-section elementor-element elementor-element-60c9864 elementor-section-boxed elementor-section-height-default elementor-section-height-default\" data-id=\"60c9864\" data-element_type=\"section\" data-settings=\"{&quot;_ha_eqh_enable&quot;:false}\">\n\t\t\t\t\t\t<div class=\"elementor-container elementor-column-gap-default\">\n\t\t\t\t\t<div class=\"elementor-column elementor-col-100 elementor-top-column elementor-element elementor-element-a85d8a6\" data-id=\"a85d8a6\" data-element_type=\"column\">\n\t\t\t<div class=\"elementor-widget-wrap elementor-element-populated\">\n\t\t\t\t\t\t<div class=\"elementor-element elementor-element-30123c6 elementor-widget elementor-widget-spacer\" data-id=\"30123c6\" data-element_type=\"widget\" data-widget_type=\"spacer.default\">\n\t\t\t\t<div class=\"elementor-widget-container\">\n\t\t\t\t\t\t\t<div class=\"elementor-spacer\">\n\t\t\t<div class=\"elementor-spacer-inner\"><\/div>\n\t\t<\/div>\n\t\t\t\t\t\t<\/div>\n\t\t\t\t<\/div>\n\t\t\t\t\t<\/div>\n\t\t<\/div>\n\t\t\t\t\t<\/div>\n\t\t<\/section>\n\t\t\t\t<\/div>\n\t\t","protected":false},"excerpt":{"rendered":"<p>Galer\u00eda Videos Ambiental Ver videos Galer\u00eda de Videos: Video Premiaci\u00f3n Dibujo D\u00eda de la Tierra 2023<\/p>\n","protected":false},"author":1,"featured_media":0,"parent":0,"menu_order":0,"comment_status":"closed","ping_status":"closed","template":"","meta":{"site-sidebar-layout":"no-sidebar","site-content-layout":"page-builder","ast-site-content-layout":"","site-content-style":"default","site-sidebar-style":"default","ast-global-header-display":"","ast-banner-title-visibility":"","ast-main-header-display":"","ast-hfb-above-header-display":"","ast-hfb-below-header-display":"","ast-hfb-mobile-header-display":"","site-post-title":"disabled","ast-breadcrumbs-content":"","ast-featured-img":"disabled","footer-sml-layout":"","theme-transparent-header-meta":"default","adv-header-id-meta":"","stick-header-meta":"","header-above-stick-meta":"","header-main-stick-meta":"","header-below-stick-meta":"","astra-migrate-meta-layouts":"default","ast-page-background-enabled":"default","ast-page-background-meta":{"desktop":{"background-color":"","background-image":"","background-repeat":"repeat","background-position":"center center","background-size":"auto","background-attachment":"scroll","background-type":"","background-media":"","overlay-type":"","overlay-color":"","overlay-opacity":"","overlay-gradient":""},"tablet":{"background-color":"","background-image":"","background-repeat":"repeat","background-position":"center center","background-size":"auto","background-attachment":"scroll","background-type":"","background-media":"","overlay-type":"","overlay-color":"","overlay-opacity":"","overlay-gradient":""},"mobile":{"background-color":"","background-image":"","background-repeat":"repeat","background-position":"center center","background-size":"auto","background-attachment":"scroll","background-type":"","background-media":"","overlay-type":"","overlay-color":"","overlay-opacity":"","overlay-gradient":""}},"ast-content-background-meta":{"desktop":{"background-color":"var(--ast-global-color-5)","background-image":"","background-repeat":"repeat","background-position":"center center","background-size":"auto","background-attachment":"scroll","background-type":"","background-media":"","overlay-type":"","overlay-color":"","overlay-opacity":"","overlay-gradient":""},"tablet":{"background-color":"var(--ast-global-color-5)","background-image":"","background-repeat":"repeat","background-position":"center center","background-size":"auto","background-attachment":"scroll","background-type":"","background-media":"","overlay-type":"","overlay-color":"","overlay-opacity":"","overlay-gradient":""},"mobile":{"background-color":"var(--ast-global-color-5)","background-image":"","background-repeat":"repeat","background-position":"center center","background-size":"auto","background-attachment":"scroll","background-type":"","background-media":"","overlay-type":"","overlay-color":"","overlay-opacity":"","overlay-gradient":""}},"footnotes":""},"class_list":["post-1157","page","type-page","status-publish","hentry"],"_links":{"self":[{"href":"https:\/\/trainingwtf.com\/index.php\/wp-json\/wp\/v2\/pages\/1157","targetHints":{"allow":["GET"]}}],"collection":[{"href":"https:\/\/trainingwtf.com\/index.php\/wp-json\/wp\/v2\/pages"}],"about":[{"href":"https:\/\/trainingwtf.com\/index.php\/wp-json\/wp\/v2\/types\/page"}],"author":[{"embeddable":true,"href":"https:\/\/trainingwtf.com\/index.php\/wp-json\/wp\/v2\/users\/1"}],"replies":[{"embeddable":true,"href":"https:\/\/trainingwtf.com\/index.php\/wp-json\/wp\/v2\/comments?post=1157"}],"version-history":[{"count":5,"href":"https:\/\/trainingwtf.com\/index.php\/wp-json\/wp\/v2\/pages\/1157\/revisions"}],"predecessor-version":[{"id":3666,"href":"https:\/\/trainingwtf.com\/index.php\/wp-json\/wp\/v2\/pages\/1157\/revisions\/3666"}],"wp:attachment":[{"href":"https:\/\/trainingwtf.com\/index.php\/wp-json\/wp\/v2\/media?parent=1157"}],"curies":[{"name":"wp","href":"https:\/\/api.w.org\/{rel}","templated":true}]}}